{"id":3281,"date":"2022-09-22T21:47:48","date_gmt":"2022-09-22T21:47:48","guid":{"rendered":"https:\/\/www.letiziademori.com\/?page_id=3281"},"modified":"2025-07-08T09:02:40","modified_gmt":"2025-07-08T09:02:40","slug":"emdr","status":"publish","type":"page","link":"https:\/\/www.letiziademori.com\/en\/home-page\/psicologia\/emdr\/","title":{"rendered":"EMDR"},"content":{"rendered":"<p><section id=\"bt_section69e45b6296baf\"  class=\"boldSection topSmallSpaced bottomSmallSpaced btDarkSkin fullScreenHeight btMiddleVertical\" style=\"background-color:rgb(161,214,123);\"><div class=\"port\"><div class=\"boldCell\"><div class=\"boldCellInner\"><div class=\"boldRow  \" ><div class=\"boldRowInner\"><div class=\"rowItem col-md-12 col-ms-12  btTextCenter animate animate-fadein btTextIndent btMiddleVertical\" style=\"background-color:rgb(161,214,123);\" ><div class=\"rowItemContent\" ><header class=\"header btClear large  btAlternateDash\" ><div class=\"dash\"><h2><span class=\"headline\">Eye Movement Desensitization and Reprocessing<\/span><\/h2><\/div><\/header><\/div><\/div><\/div><\/div><\/div><\/div><\/div><\/section><section id=\"bt_section69e45b6296d9c\"  class=\"boldSection topSpaced gutter fullScreenHeight inherit\" ><div class=\"port\"><div class=\"boldCell\"><div class=\"boldCellInner\"><div class=\"boldRow  \" ><div class=\"boldRowInner\"><div class=\"rowItem col-md-6 col-sm-12 btTextLeft inherit\"  ><div class=\"rowItemContent\" ><div class=\"btText\" ><\/p>\n<blockquote>\n<h1><span style=\"color: #cc99ff;\">L\u2019EMDR<\/span><\/h1>\n<\/blockquote>\n<h4><strong>Dall\u2019inglese <i>Eye Movement Desensitization and Reprocessing<\/i><\/strong>,<\/h4>\n<p>Desensibilizzazione e rielaborazione attraverso i movimenti oculari) \u00e8 un approccio terapeutico utilizzato per il trattamento del trauma e di problematiche legate allo stress, soprattutto allo stress traumatico.<br \/>\n<a href=\"https:\/\/emdr.it\/index.php\/emdr\/\" target=\"_blank\" rel=\"noopener\"><b>L\u2019EMDR<\/b><\/a>\u00a0si focalizza sul ricordo dell\u2019esperienza traumatica ed \u00e8 una metodologia completa che utilizza i movimenti oculari o altre forme di stimolazione alternata destro\/sinistra per trattare disturbi legati direttamente a esperienze traumatiche o particolarmente stressanti dal punto di vista emotivo.<br \/>\nDopo una o pi\u00f9 sedute di <a href=\"https:\/\/emdr.it\/index.php\/emdr\/\" target=\"_blank\" rel=\"noopener\">EMDR<\/a>, i ricordi disturbanti legati all\u2019evento traumatico hanno una desensibilizzazione, perdono la loro carica emotiva negativa. Il cambiamento \u00e8 molto rapido, indipendentemente dagli anni che sono passati dall\u2019evento. L\u2019immagine cambia nei contenuti e nel modo in cui si presenta, i pensieri intrusivi in genere si attutiscono o spariscono, diventando pi\u00f9 adattivi dal punto di vista terapeutico e le emozioni e sensazioni fisiche si riducono di intensit\u00e0. L\u2019elaborazione dell\u2019esperienza traumatica che avviene con <a href=\"https:\/\/emdr.it\/index.php\/emdr\/\" target=\"_blank\" rel=\"noopener\">l\u2019EMDR<\/a> permette al paziente, attraverso la desensibilizzazione e la ristrutturazione cognitiva che avviene, di cambiare prospettiva, cambiando le valutazioni cognitive su di s\u00e9, incorporando emozioni adeguate alla situazione oltre ad eliminare le reazioni fisiche. Questo permette, in ultima istanza, di adottare comportamenti pi\u00f9 adattivi. Dal punto di vista clinico e diagnostico, dopo un trattamento con <a href=\"https:\/\/emdr.it\/index.php\/emdr\/\" target=\"_blank\" rel=\"noopener\">EMDR<\/a> il paziente non presenta pi\u00f9 la sintomatologia tipica del disturbo post-traumatico da stress, quindi non si riscontrano pi\u00f9 gli aspetti di intrusivit\u00e0 dei pensieri e ricordi, i comportamenti di evitamento e l\u2019iperarousal neurovegetativo nei confronti di stimoli legati all\u2019evento, percepiti come pericolo. Un altro cambiamento significativo \u00e8 dato dal fatto che il paziente discrimina meglio i pericoli reali da quelli immaginari condizionati dall\u2019ansia.<\/p>\n<p>Dopo <a href=\"https:\/\/emdr.it\/index.php\/emdr\/\" target=\"_blank\" rel=\"noopener\">l\u2019EMDR<\/a> il paziente ricorda l\u2019evento ma il contenuto \u00e8 totalmente integrato in una prospettiva pi\u00f9 adattiva. L\u2019esperienza \u00e8 usata in modo costruttivo dall\u2019individuo ed \u00e8 integrata in uno schema cognitivo ed emotivo positivo. Cio\u00e8 il paziente realizza le connessioni di associazioni appropriate, quello che \u00e8 utile \u00e8 appreso ed immagazzinato con l\u2019emozione corrispondente ed \u00e8 disponibile per l\u2019uso futuro.<\/p>\n<h3>Based Approach<\/h3>\n<p>Nel lasso di trent\u2019anni dalla sua scoperta, ad opera della ricercatrice americana Francine Shapiro, <a href=\"https:\/\/emdr.it\/index.php\/emdr\/\" target=\"_blank\" rel=\"noopener\">l\u2019EMDR<\/a> ha ricevuto pi\u00f9 conferme scientifiche di qualunque altro metodo usato nel trattamento dei traumi. Oggi \u00e8 riconosciuto come metodo <i>evidence based<\/i> per il trattamento dei disturbi post traumatici, approvato, tra gli altri, <i>dall\u2019<a href=\"https:\/\/www.apa.org\" target=\"_blank\" rel=\"noopener\">American Psychological Association<\/a><\/i>(1998-2002), dall\u2019<a href=\"https:\/\/www.psychiatry.org\" target=\"_blank\" rel=\"noopener\"><i>American Psychiatric Association<\/i><\/a> (2004), dall<i>\u2019<a href=\"https:\/\/istss.org\/home\" target=\"_blank\" rel=\"noopener\">International Society for Traumatic Stress Studies<\/a><\/i> (2010) e dal nostro <a href=\"https:\/\/www.salute.gov.it\/portale\/home.html\" target=\"_blank\" rel=\"noopener\"><i>Ministero della salute<\/i><\/a> nel 2003. <a href=\"https:\/\/www.who.int\" target=\"_blank\" rel=\"noopener\">L\u2019Organizzazione Mondiale della Sanit\u00e0<\/a>, nell\u2019agosto del 2013, ha riconosciuto <a href=\"https:\/\/emdr.it\/index.php\/emdr\/\" target=\"_blank\" rel=\"noopener\">l\u2019EMDR<\/a> come trattamento efficace per la cura del trauma e dei disturbi ad esso correlati.<br \/>\nL\u2019efficacia dell\u2018<a href=\"https:\/\/emdr.it\/index.php\/emdr\/\" target=\"_blank\" rel=\"noopener\">EMDR<\/a> \u00e8 stata dimostrata in tutti i tipi di trauma, sia per il <a href=\"https:\/\/psicoadvisor.com\/disturbo-post-traumatico-da-stress-sintomi-16529.html\" target=\"_blank\" rel=\"noopener\">Disturbo Post Traumatico da Stress<\/a> che per i traumi di minore entit\u00e0. \u00a0La ricerca recente mostra che, attraverso l\u2019utilizzo dell\u2019<a href=\"https:\/\/emdr.it\/index.php\/emdr\/\" target=\"_blank\" rel=\"noopener\">EMDR<\/a>, le persone possono beneficiare degli effetti di una psicoterapia che una volta avrebbe impiegato anni per fare la differenza. Alcune ricerche hanno infatti dimostrato che tra l\u201984% e il 90% dei pazienti che riportavano l\u2019esperienza di un singolo evento traumatico non mostravano pi\u00f9 i sintomi di un Disturbo da Stress Post-traumatico dopo sole 3 sessioni di <a href=\"https:\/\/emdr.it\/index.php\/emdr\/\" target=\"_blank\" rel=\"noopener\">EMDR<\/a> da 90 minuti ciascuna. L\u2019efficacia dell\u2019<a href=\"https:\/\/emdr.it\/index.php\/emdr\/\" target=\"_blank\" rel=\"noopener\">EMDR<\/a> nel trattamento del <a href=\"https:\/\/psicoadvisor.com\/disturbo-post-traumatico-da-stress-sintomi-16529.html\" target=\"_blank\" rel=\"noopener\">PTSD<\/a> \u00e8 ormai ampiamente riconosciuta e documentata, ma attualmente <a href=\"https:\/\/emdr.it\/index.php\/emdr\/\" target=\"_blank\" rel=\"noopener\">l\u2019EMDR<\/a> \u00e8 un approccio terapeutico ampiamente usato anche per il trattamento di varie patologie e disturbi psicologici. Data l\u2019importanza che gli eventi traumatici (siano essi traumi singoli che cumulativi e relazionali) rivestono nello sviluppo di differenti patologie, diviene importante affrontarle attraverso un approccio che tenga in considerazione e riesca ad intervenire sull\u2019origine traumatica di tali disturbi.<br \/>\nLa ricerca riguardante <a href=\"https:\/\/emdr.it\/index.php\/emdr\/\" target=\"_blank\" rel=\"noopener\">l\u2019EMDR<\/a> \u00e8 una delle prime in cui sono stati evidenziati i cambiamenti neurobiologici che si verificano durante ogni seduta di psicoterapia, rendendo <a href=\"https:\/\/emdr.it\/index.php\/emdr\/\" target=\"_blank\" rel=\"noopener\">l\u2019EMDR<\/a> il primo trattamento psicoterapeutico con un\u2019efficacia neurobiologica provata. Le scoperte in questo campo confermano l\u2019associazione tra i risultati clinici di questa terapia e alcuni cambiamenti a livello delle strutture e del funzionamento cerebrale.<\/p>\n<p>\n<\/div><\/div><\/div><div class=\"rowItem col-md-6 col-sm-12 btTextLeft inherit\"  ><div class=\"rowItemContent\" ><div class=\"btClear btSeparator topSmallSpaced noBorder\" ><hr><\/div><div data-bb-version=\"5.0.1\" class=\"bt_bb_slider bt_bb_height_full_screen bt_bb_multiple_slides\"><div class=\"slick-slider\"  data-slick='{ \"lazyLoad\": \"progressive\", \"cssEase\": \"ease-out\", \"speed\": \"300\", \"prevArrow\": \"&lt;button type=\\\"button\\\" class=\\\"slick-prev\\\"&gt;\", \"nextArrow\": \"&lt;button type=\\\"button\\\" class=\\\"slick-next\\\"&gt;\", \"adaptiveHeight\": true, \"dots\": true,\"slidesToShow\": 3,\"autoplay\": true, \"autoplaySpeed\": 1000, \"responsive\": [{ \"breakpoint\": 480, \"settings\": { \"slidesToShow\": 1, \"slidesToScroll\": 1 } },{ \"breakpoint\": 768, \"settings\": { \"slidesToShow\": 2, \"slidesToScroll\": 2 } }]}' ><div class=\"bt_bb_slider_item\" style=\"background-image:url('https:\/\/i0.wp.com\/www.letiziademori.com\/wp-content\/uploads\/2024\/05\/AdobeStock_311908556_F-scaled.jpg?fit=2560%2C1707&#038;ssl=1')\"><\/div><div class=\"bt_bb_slider_item\" style=\"background-image:url('https:\/\/i0.wp.com\/www.letiziademori.com\/wp-content\/uploads\/2022\/09\/AdobeStock_183489027-scaled.jpeg?fit=2560%2C1970&#038;ssl=1')\"><\/div><div class=\"bt_bb_slider_item\" style=\"background-image:url('https:\/\/i0.wp.com\/www.letiziademori.com\/wp-content\/uploads\/2022\/09\/AdobeStock_397818145-scaled.jpeg?fit=2560%2C1709&#038;ssl=1')\"><\/div><\/div><\/div><div class=\"btClear btSeparator topSpaced bottomSpaced noBorder\" ><hr><\/div><div data-bb-version=\"5.4.2\" class=\"bt_bb_slider bt_bb_height_full_screen\"><div class=\"slick-slider\"  data-slick='{ \"lazyLoad\": \"progressive\", \"cssEase\": \"ease-out\", \"speed\": \"300\", \"prevArrow\": \"&lt;button type=\\\"button\\\" class=\\\"slick-prev\\\"&gt;\", \"nextArrow\": \"&lt;button type=\\\"button\\\" class=\\\"slick-next\\\"&gt;\", \"adaptiveHeight\": true, \"dots\": true,\"autoplay\": true, \"autoplaySpeed\": 1000}' ><div class=\"bt_bb_slider_item\" style=\"background-image:url('https:\/\/i0.wp.com\/www.letiziademori.com\/wp-content\/uploads\/2024\/04\/Logo_color_TM-immagini.png?fit=245%2C327&#038;ssl=1')\"><\/div><\/div><\/div><div class=\"btDropdown  \" style=\"a1d67c\"><select class=\"btDropdownSelect\"><option value=\"\">Terapeuti Abilitati<\/option><option value=\"<br \/>\n&#8220;>\u2022 Dr Marta Calligaris<\/option><\/select><\/div><\/div><\/div><\/div><\/div><\/div><\/div><\/div><\/section><section id=\"bt_section69e45b6297b97\"  class=\"boldSection inherit\" ><div class=\"port\"><div class=\"boldCell\"><div class=\"boldCellInner\"><div class=\"boldRow  \" ><div class=\"boldRowInner\"><div class=\"rowItem col-md-12 col-ms-12  btTextLeft btTextIndent btMiddleVertical\" style=\"background-color:rgba(161,214,124,0.5);\" ><div class=\"rowItemContent\" ><div class=\"btClear btSeparator topSmallSpaced bottomSmallSpaced noBorder\" ><hr><\/div><header class=\"header btClear medium btDash topDash  btAlternateDash\" ><div class=\"btSuperTitle\">Le sedute di EMDR<\/div><div class=\"dash\"><h3><span class=\"headline\">Per avere un efficacia nel Breve Termine devono essere da almeno 90 minuti l&#8217;una<\/span><\/h3><\/div><\/header><\/div><\/div><\/div><\/div><\/div><\/div><\/div><\/section><\/p>\n","protected":false},"excerpt":{"rendered":"","protected":false},"author":1,"featured_media":0,"parent":2523,"menu_order":0,"comment_status":"closed","ping_status":"closed","template":"","meta":{"_exactmetrics_skip_tracking":false,"_exactmetrics_sitenote_active":false,"_exactmetrics_sitenote_note":"","_exactmetrics_sitenote_category":0,"_monsterinsights_skip_tracking":false,"_monsterinsights_sitenote_active":false,"_monsterinsights_sitenote_note":"","_monsterinsights_sitenote_category":0,"_uf_show_specific_survey":0,"_uf_disable_surveys":false,"jetpack_post_was_ever_published":false,"footnotes":""},"class_list":["post-3281","page","type-page","status-publish","hentry"],"aioseo_notices":[],"jetpack_sharing_enabled":true,"_links":{"self":[{"href":"https:\/\/www.letiziademori.com\/en\/wp-json\/wp\/v2\/pages\/3281","targetHints":{"allow":["GET"]}}],"collection":[{"href":"https:\/\/www.letiziademori.com\/en\/wp-json\/wp\/v2\/pages"}],"about":[{"href":"https:\/\/www.letiziademori.com\/en\/wp-json\/wp\/v2\/types\/page"}],"author":[{"embeddable":true,"href":"https:\/\/www.letiziademori.com\/en\/wp-json\/wp\/v2\/users\/1"}],"replies":[{"embeddable":true,"href":"https:\/\/www.letiziademori.com\/en\/wp-json\/wp\/v2\/comments?post=3281"}],"version-history":[{"count":51,"href":"https:\/\/www.letiziademori.com\/en\/wp-json\/wp\/v2\/pages\/3281\/revisions"}],"predecessor-version":[{"id":3856,"href":"https:\/\/www.letiziademori.com\/en\/wp-json\/wp\/v2\/pages\/3281\/revisions\/3856"}],"up":[{"embeddable":true,"href":"https:\/\/www.letiziademori.com\/en\/wp-json\/wp\/v2\/pages\/2523"}],"wp:attachment":[{"href":"https:\/\/www.letiziademori.com\/en\/wp-json\/wp\/v2\/media?parent=3281"}],"curies":[{"name":"wp","href":"https:\/\/api.w.org\/{rel}","templated":true}]}}